{"id":451,"date":"2025-07-15T17:01:21","date_gmt":"2025-07-15T15:01:21","guid":{"rendered":"https:\/\/ouzhouconsulting.com\/about-us\/"},"modified":"2025-09-12T12:10:31","modified_gmt":"2025-09-12T10:10:31","slug":"a-propos-de-nous","status":"publish","type":"page","link":"https:\/\/ouzhouconsulting.com\/fr\/a-propos-de-nous\/","title":{"rendered":"\u00c0 propos de nous"},"content":{"rendered":"<p>Chez <b>Ouzhou Consulting<\/b>, nous sommes un cabinet boutique sp\u00e9cialis\u00e9 dans l\u2019accompagnement du d\u00e9veloppement de votre entreprise en Asie.<br \/>\nDepuis notre cr\u00e9ation en 2018, nous avons soutenu avec succ\u00e8s des soci\u00e9t\u00e9s de toutes tailles dans la mise en place de leurs entit\u00e9s dans la r\u00e9gion.<br \/>\nAvec une \u00e9quipe de 15 professionnels bas\u00e9s dans nos bureaux de Hong Kong et Singapour, nous proposons des services personnalis\u00e9s, adapt\u00e9s \u00e0 vos besoins sp\u00e9cifiques.<\/p>\n<p>Ce qui nous distingue, c\u2019est notre engagement envers l\u2019innovation. En adoptant la digitalisation, nous avons optimis\u00e9 et automatis\u00e9 la majorit\u00e9 de nos processus, garantissant ainsi efficacit\u00e9 et pr\u00e9cision dans nos op\u00e9rations. Nous vous offrons une exp\u00e9rience fluide et pratique tout au long de notre collaboration.<\/p>\n<p>Forts d\u2019une compr\u00e9hension approfondie des pratiques commerciales et r\u00e9glementations locales, nous naviguons avec expertise dans les proc\u00e9dures administratives. Nous sommes fiers de d\u00e9livrer un niveau de service \u00e9lev\u00e9, conforme \u00e0 vos attentes, tout en respectant les exigences locales de conformit\u00e9. Notre approche agile garantit un accompagnement r\u00e9actif et orient\u00e9 d\u00e9lais, vous permettant d\u2019atteindre efficacement vos objectifs commerciaux.<\/p>\n<p>Chez <b>Ouzhou Consulting<\/b>, nous croyons au potentiel de votre entreprise et nous nous engageons pleinement \u00e0 favoriser sa croissance et son succ\u00e8s. En choisissant de collaborer avec nous, vous b\u00e9n\u00e9ficiez d\u2019une exp\u00e9rience boutique alliant solutions personnalis\u00e9es, innovation digitale et engagement constant envers vos ambitions.<\/p>\n","protected":false},"excerpt":{"rendered":"Chez Ouzhou Consulting, nous sommes un cabinet boutique sp\u00e9cialis\u00e9 dans l\u2019accompagnement du d\u00e9veloppement de votre entreprise en [&hellip;]","protected":false},"author":2,"featured_media":0,"parent":0,"menu_order":0,"comment_status":"closed","ping_status":"closed","template":"page-classique.php","meta":{"_acf_changed":false,"footnotes":""},"class_list":["post-451","page","type-page","status-publish","hentry"],"acf":[],"_links":{"self":[{"href":"https:\/\/ouzhouconsulting.com\/fr\/wp-json\/wp\/v2\/pages\/451","targetHints":{"allow":["GET"]}}],"collection":[{"href":"https:\/\/ouzhouconsulting.com\/fr\/wp-json\/wp\/v2\/pages"}],"about":[{"href":"https:\/\/ouzhouconsulting.com\/fr\/wp-json\/wp\/v2\/types\/page"}],"author":[{"embeddable":true,"href":"https:\/\/ouzhouconsulting.com\/fr\/wp-json\/wp\/v2\/users\/2"}],"replies":[{"embeddable":true,"href":"https:\/\/ouzhouconsulting.com\/fr\/wp-json\/wp\/v2\/comments?post=451"}],"version-history":[{"count":3,"href":"https:\/\/ouzhouconsulting.com\/fr\/wp-json\/wp\/v2\/pages\/451\/revisions"}],"predecessor-version":[{"id":455,"href":"https:\/\/ouzhouconsulting.com\/fr\/wp-json\/wp\/v2\/pages\/451\/revisions\/455"}],"wp:attachment":[{"href":"https:\/\/ouzhouconsulting.com\/fr\/wp-json\/wp\/v2\/media?parent=451"}],"curies":[{"name":"wp","href":"https:\/\/api.w.org\/{rel}","templated":true}]}}