{"id":432,"date":"2025-07-15T15:51:25","date_gmt":"2025-07-15T13:51:25","guid":{"rendered":"https:\/\/ouzhouconsulting.com\/contact-us\/"},"modified":"2025-09-12T11:23:40","modified_gmt":"2025-09-12T09:23:40","slug":"nous-contacter","status":"publish","type":"page","link":"https:\/\/ouzhouconsulting.com\/fr\/nous-contacter\/","title":{"rendered":"Nous contacter"},"content":{"rendered":"<p>Nous serions ravis d&rsquo;avoir de vos nouvelles. N&rsquo;h\u00e9sitez pas \u00e0 nous contacter si vous avez des questions ou si vous souhaitez simplement nous dire bonjour. Nous sommes tr\u00e8s accessibles et serions ravis de discuter avec vous. N&rsquo;h\u00e9sitez pas \u00e0 nous appeler, \u00e0 nous envoyer un e-mail ou \u00e0 passer nous voir pour prendre un caf\u00e9.<\/p>\n","protected":false},"excerpt":{"rendered":"Nous serions ravis d&rsquo;avoir de vos nouvelles. N&rsquo;h\u00e9sitez pas \u00e0 nous contacter si vous avez des questions [&hellip;]","protected":false},"author":2,"featured_media":0,"parent":0,"menu_order":0,"comment_status":"closed","ping_status":"closed","template":"page-contact.php","meta":{"_acf_changed":false,"footnotes":""},"class_list":["post-432","page","type-page","status-publish","hentry"],"acf":[],"_links":{"self":[{"href":"https:\/\/ouzhouconsulting.com\/fr\/wp-json\/wp\/v2\/pages\/432","targetHints":{"allow":["GET"]}}],"collection":[{"href":"https:\/\/ouzhouconsulting.com\/fr\/wp-json\/wp\/v2\/pages"}],"about":[{"href":"https:\/\/ouzhouconsulting.com\/fr\/wp-json\/wp\/v2\/types\/page"}],"author":[{"embeddable":true,"href":"https:\/\/ouzhouconsulting.com\/fr\/wp-json\/wp\/v2\/users\/2"}],"replies":[{"embeddable":true,"href":"https:\/\/ouzhouconsulting.com\/fr\/wp-json\/wp\/v2\/comments?post=432"}],"version-history":[{"count":3,"href":"https:\/\/ouzhouconsulting.com\/fr\/wp-json\/wp\/v2\/pages\/432\/revisions"}],"predecessor-version":[{"id":437,"href":"https:\/\/ouzhouconsulting.com\/fr\/wp-json\/wp\/v2\/pages\/432\/revisions\/437"}],"wp:attachment":[{"href":"https:\/\/ouzhouconsulting.com\/fr\/wp-json\/wp\/v2\/media?parent=432"}],"curies":[{"name":"wp","href":"https:\/\/api.w.org\/{rel}","templated":true}]}}